{"id":810,"date":"2024-09-22T17:54:52","date_gmt":"2024-09-22T17:54:52","guid":{"rendered":"https:\/\/www.edificioelever.com\/?page_id=810"},"modified":"2024-10-21T07:38:47","modified_gmt":"2024-10-21T07:38:47","slug":"politica-de-privacidad","status":"publish","type":"page","link":"https:\/\/www.edificioelever.com\/?page_id=810","title":{"rendered":"Politica de Privacidad"},"content":{"rendered":"\t\t<div data-elementor-type=\"wp-page\" data-elementor-id=\"810\" class=\"elementor elementor-810\" data-elementor-post-type=\"page\">\n\t\t\t\t<div class=\"elementor-element elementor-element-eb47781 e-flex e-con-boxed e-con e-parent\" data-id=\"eb47781\" data-element_type=\"container\">\n\t\t\t\t\t<div class=\"e-con-inner\">\n\t\t\t\t<div class=\"elementor-element elementor-element-ab2b95f elementor-widget elementor-widget-heading\" data-id=\"ab2b95f\" data-element_type=\"widget\" data-widget_type=\"heading.default\">\n\t\t\t\t<div class=\"elementor-widget-container\">\n\t\t\t\t\t<h2 class=\"elementor-heading-title elementor-size-default\">Pol\u00edtica de Privacidad<\/h2>\t\t\t\t<\/div>\n\t\t\t\t<\/div>\n\t\t\t\t\t<\/div>\n\t\t\t\t<\/div>\n\t\t<div class=\"elementor-element elementor-element-18b091b e-flex e-con-boxed e-con e-parent\" data-id=\"18b091b\" data-element_type=\"container\">\n\t\t\t\t\t<div class=\"e-con-inner\">\n\t\t\t\t<div class=\"elementor-element elementor-element-5810ba5 elementor-widget elementor-widget-text-editor\" data-id=\"5810ba5\" data-element_type=\"widget\" data-widget_type=\"text-editor.default\">\n\t\t\t\t<div class=\"elementor-widget-container\">\n\t\t\t\t\t\t\t\t\t<p>INSUR PROMOCI\u00d3N INTEGRAL, S.L.U., como responsable del tratamiento, le informa a continuaci\u00f3n de que todo dato personal que se trate por parte del mismo, ser\u00e1 realizado de conformidad con los principios de transparencia, limitaci\u00f3n de la finalidad, minimizaci\u00f3n de datos, exactitud, integridad, y confidencialidad, as\u00ed como respetando el resto de obligaciones y garant\u00edas establecidas en el Reglamento (UE) 2016\/679 del Parlamento Europeo y del Consejo de 27 de abril de 2016, y de la Ley Org\u00e1nica 3\/2018, de 5 de diciembre, de Protecci\u00f3n de Datos Personales y Garant\u00eda de los Derechos Digitales, relativas a la protecci\u00f3n de las personas f\u00edsicas en lo que respecta al tratamiento de datos personales y a la libre circulaci\u00f3n de estos datos.<\/p>\n<p>Para ello ponemos a su disposici\u00f3n nuestra Pol\u00edtica de Privacidad con el objetivo de asegurar la confianza del cliente y brindarle una experiencia diferencial satisfactoria.<\/p>\n<p>INSUR PROMOCI\u00d3N INTEGRAL, S.L.U., se reserva el derecho a modificar la presente Pol\u00edtica de Privacidad, por lo que se recomienda a los usuarios que visiten los Avisos Legales en cada acceso al sitio Web. El uso de cualquier parte de este sitio Web constituir\u00e1 la aceptaci\u00f3n de tales cambios.<\/p>\n<p>INSUR PROMOCI\u00d3N INTEGRAL, S.L.U., es el titular del dominio www. edificioelever.com y el responsable del tratamiento de datos.<\/p>\n<p>Denominaci\u00f3n social INSUR PROMOCI\u00d3N INTEGRAL, S.L.U.<\/p>\n<p>CIF: B91416438<\/p>\n<p>Domicilio social: C\/ \u00c1ngel Gel\u00e1n, n\u00ba2, 41013 &#8211; Sevilla Direcci\u00f3n de correo electr\u00f3nico de contacto: info@grupoinsur.com<\/p>\n<p>Direcci\u00f3n de email de Delegado de Protecci\u00f3n de Datos\/derechos de los interesados: dpo@grupoinsur.com<\/p>\n<p><\/p>\n<h4>QU\u00c9 DATOS PERSONALES TRATAMOS Y QU\u00c9 HACEMOS CON ELLOS<\/h4>\n<p>Los datos personales tratados son los directamente proporcionados por el interesado, la persona que es titular de los datos o aquellos que se faciliten a trav\u00e9s de la propia navegaci\u00f3n, as\u00ed como aquellos necesarios para ejecutar la relaci\u00f3n contractual o precontractual en el caso de ser necesario.<\/p>\n<p>Las categor\u00edas-tipos de los datos que se tratan son los que se solicitan en los campos dispuestos en los formularios dispuestos para ello, y aquellos que voluntariamente proporcionen los usuarios en todos aquellos lugares donde sea posible ampliar la informaci\u00f3n en campos de texto libre, o bien proporcionados por email, tel\u00e9fono o por otros medios, que de forma general ser\u00e1n a modo enunciativo y no exhaustivo:<\/p>\n<p>Identificativos \u2013 DNI-Pasaporte-NIE &#8211; Direcciones postales y\/o electr\u00f3nicas &#8211; Tel\u00e9fonos fijos-m\u00f3viles &#8211; Informaci\u00f3n comercial &#8211; Datos de transacciones &#8211; Datos de medios de pago &#8211; Datos introducidos como preferencias del usuario-datos asociados a la navegaci\u00f3n- formaci\u00f3n<\/p>\n<p>No se tratan datos sensibles o especialmente protegidos, salvo indicaci\u00f3n espec\u00edfica del usuario para atender sus necesidades y\/o preferencias.<\/p>\n<p>En el supuesto de que aporte sus datos a trav\u00e9s de un mensaje de correo electr\u00f3nico, el mismo formar\u00e1 parte de un tratamiento cuya finalidad ser\u00e1 la gesti\u00f3n de la solicitud, sugerencia, o comentario que nos realiza.<\/p>\n<p>En el caso de env\u00edo de CV\u00b4s, los datos tratados ser\u00e1n los incluidos en el formulario dispuesto al efecto y\/o en el documento de formato libre enviado por el interesado. Los CV\u00b4s se descartar\u00e1n despu\u00e9s de un a\u00f1o desde su \u00faltima actualizaci\u00f3n.<\/p>\n<p>INSUR PROMOCI\u00d3N INTEGRAL, S.L.U., desea garantizar su privacidad cuando utilice nuestros servicios, por ello en nuestra Pol\u00edtica de Privacidad se le informar\u00e1 de nuestra pol\u00edtica de protecci\u00f3n de datos personales y as\u00ed podr\u00e1 decidir voluntariamente en qu\u00e9 grado desea proporcionarlos.<\/p>\n<p>En definitiva, los datos de car\u00e1cter personal solicitados en los formularios dispuestos al efecto, por medio de correo electr\u00f3nico, o los datos personales que Ud incluya en sus comunicaciones por otros medios, servir\u00e1n para gestionar la relaci\u00f3n espec\u00edfica que en dichos medios se establece, con las finalidades expl\u00edcitas y concretas que se incluyen en dichos medios, por ejemplo, para gestionar reservas o servicios solicitados, enviarle la informaci\u00f3n solicitada, gestionar las facturaciones, resolver incidencias, inscribirle en servicios, eventos, o actos que usted indique, as\u00ed como para la gesti\u00f3n y control de los mismos, y para responder a las consultas, sugerencias, e incidencias que se soliciten o planteen, as\u00ed como cualquier otro tipo de tratamiento necesario para atender la relaci\u00f3n establecida.<\/p>\n<p>En determinados casos debidamente informados previamente se podr\u00e1n elaborar\u00e1n perfiles o segmentaciones con la finalidad de atender mejor sus preferencias y poder mejorar nuestros servicios. Tambi\u00e9n se informar\u00e1 previamente en caso de que el tratamiento de datos incluya decisiones automatizadas sobre los datos personales tratados.<\/p>\n<p>En caso de que nos haya proporcionado su direcci\u00f3n electr\u00f3nica, email, y\/o ID-identificaci\u00f3n de mensajer\u00eda electr\u00f3nica, queda informado que podr\u00e1 recibir comunicaciones electr\u00f3nicas para informarle y contestarle en todo aquello relacionado con su comunicaci\u00f3n y con la relaci\u00f3n establecida. En caso de ser receptor de una newsletter o comunicaci\u00f3n relacionada con el objeto de su consulta o relaci\u00f3n contractual con INSUR PROMOCI\u00d3N INTEGRAL, S.L.U., se le dar\u00e1 la posibilidad de darse de baja de la lista de distribuci\u00f3n en todos los env\u00edos que reciba, adem\u00e1s, en cualquier momento puede darse de baja remiti\u00e9ndonos un e-mail a dpo@grupoinsur.com.<\/p>\n<h4>&nbsp;<\/h4>\n<h4>A QUI\u00c9N CEDEMOS SUS DATOS<\/h4>\n<p>INSUR PROMOCI\u00d3N INTEGRAL, S.L.U., no cede datos personales a terceras empresas salvo en aquellos casos donde sea necesario para la prestaci\u00f3n del servicio, por lo que sus datos podr\u00e1n ser comunicados a otras empresas, entidades, instituciones p\u00fablicas o privadas, con la \u00fanica finalidad y exclusivamente en aquellos casos que sean necesarios para la correcta prestaci\u00f3n del servicio, consulta, o gesti\u00f3n de la relaci\u00f3n establecida, o en los casos legalmente establecidos.<\/p>\n<p>Adicionalmente, le informamos que INSUR PROMOCI\u00d3N INTEGRAL, S.L.U., pertenece un grupo de empresas, por lo que el usuario ha de conocer y tener en cuenta que los datos que aporte se podr\u00e1n compartir con el resto de empresas del grupo https:\/\/grupoinsur.com\/grupo-insur\/empresas.<\/p>\n<p><\/p>\n<h4>CU\u00c1NTO TIEMPO CONSERVAMOS SUS DATOS<\/h4>\n<p>Los datos se conservar\u00e1n mientras se mantenga activa la relaci\u00f3n o no se solicite su cancelaci\u00f3n, y al menos durante un plazo de 10 a\u00f1os desde la \u00faltima interacci\u00f3n, as\u00ed como durante los plazos legales preceptivos de acuerdo a la normativa espec\u00edfica que les sea aplicable.<\/p>\n<p><\/p>\n<h4>CUAL ES LA LEGITIMACI\u00d3N PARA TRATAR SUS DATOS<\/h4>\n<p>El tratamiento de sus datos se efect\u00faa al amparo del consentimiento expreso, explicito, e informado, en cuanto que se ha rellenado y enviado un formulario online, o se ha dirigido por email u otros medios a INSUR PROMOCI\u00d3N INTEGRAL, S.L.U. En otros casos, dependiendo del tipo de relaci\u00f3n que se establezca, la legitimaci\u00f3n se podr\u00eda amparar:<\/p>\n<p>&#8211; En una obligaci\u00f3n legal<\/p>\n<p>&#8211; Por el establecimiento de una relaci\u00f3n precontractual o contractual entre el usuario y INSUR PROMOCI\u00d3N INTEGRAL, S.L.U.<\/p>\n<p>&#8211; En el inter\u00e9s leg\u00edtimo del responsable tratamiento.<\/p>\n<p>En cualquier caso, en el apartado relativo a los tratamientos de datos personales que son llevados a cabo por INSUR PROMOCI\u00d3N INTEGRAL, S.L.U., dispone de informaci\u00f3n espec\u00edfica sobre la legitimaci\u00f3n aplicable a cada uno de ellos<\/p>\n<p><\/p>\n<h4>QU\u00c9 DERECHOS TIENE RESPECTO A SUS DATOS PERSONALES<\/h4>\n<p>Reconocemos y protegemos su derecho a la Privacidad y a la Protecci\u00f3n de sus Datos personales, por lo que Ud. podr\u00e1 ejercer sus derechos en relaci\u00f3n a este tratamiento en las formas indicadas a continuaci\u00f3n. Igualmente, en cualquier caso tiene derecho a plantear una queja o reclamaci\u00f3n ante la Agencia Espa\u00f1ola de Protecci\u00f3n de Datos (AEPD), domicilio en la calle Jorge Juan, n\u00ba6, 28001 Madrid.<\/p>\n<p>Los Interesados tienen derecho a conocer que en INSUR PROMOCI\u00d3N INTEGRAL, S.L.U., tratamos sus datos de acuerdo a las finalidades especificadas en la Pol\u00edtica de Privacidad y Protecci\u00f3n de Datos de la que este ep\u00edgrafe forma parte.<\/p>\n<p>Tiene derecho a acceder a sus datos personales, y a rectificarlos si fueran inexactos.<\/p>\n<p>Tiene derecho a solicitar la supresi\u00f3n de los mismos cuando, ente otros motivos, los datos ya no sean necesarios para la finalidad por la que fueron recabados.<\/p>\n<p>En determinadas circunstancias, los Interesados podr\u00e1n solicitar la limitaci\u00f3n del tratamiento de sus datos, los cuales ser\u00e1n conservados \u00fanicamente para el ejercicio del derecho de defensa ante reclamaciones y\/o litigios, y durante los plazos legales exigibles para su conservaci\u00f3n.<\/p>\n<p>En determinadas circunstancias, los Interesados podr\u00e1n oponerse al tratamiento de sus datos. La entidad INSUR PROMOCI\u00d3N INTEGRAL, S.L.U., dejar\u00e1 de tratar sus datos, con las \u00fanicas excepciones de motivos leg\u00edtimos, por motivos hist\u00f3ricos, art\u00edsticos, o de investigaci\u00f3n, para la defensa ante reclamaciones, o por lo previsto en la normativa vigente.<\/p>\n<p>Para ejercer estos derechos, el interesado deber\u00e1 efectuar una comunicaci\u00f3n a la direcci\u00f3n arriba expuesta al inicio, indicando el derecho que quiere ejercer, adjuntando copia de un documento que lo identifique, DNI o Pasaporte, u otro documento que lo identifique fehacientemente,<\/p>\n<p>tambi\u00e9n enviando un correo electr\u00f3nico a dpo@grupoinsur.com adjuntando copia de documento de identificaci\u00f3n.<\/p>\n<p>Asimismo, tiene derecho a efectuar las consultas o reclamaciones que considere oportunas ante la Agencia Espa\u00f1ola de Protecci\u00f3n de Datos (AEPD), domicilio en la calle Jorge Juan, n\u00ba6, 28001 Madrid.<\/p>\n<p><\/p>\n<h4>COOKIES<\/h4>\n<p>INSUR PROMOCI\u00d3N INTEGRAL, S.L.U., hace uso de \u00abcookies\u00bb durante la navegaci\u00f3n del usuario con la intenci\u00f3n de poder ofrecer un mejor servicio. En ning\u00fan caso estos elementos servir\u00e1n para identificar a una persona concreta ya que su uso ser\u00e1 meramente t\u00e9cnico, con la excepci\u00f3n de las cookies necesarias para la correcta ejecuci\u00f3n de las transacciones solicitadas por un usuario concreto como pueden ser las reservas, para mantener el registro de usuarios, y para el mantenimiento de las sesiones de usuario.<\/p>\n<p>Las cookies tienen como finalidad general ofrecer un mejor servicio a los usuarios, y permitir durante la sesi\u00f3n la realizaci\u00f3n y correcta utilizaci\u00f3n de todos y cada uno de los contenidos disponibles en el presente website. El usuario puede deshabilitar las cookies a trav\u00e9s de las opciones de su navegador.<\/p>\n<p>Para conocer m\u00e1s sobre el uso de cookies en la p\u00e1gina web puede consultar nuestra Pol\u00edtica de Cookies.<\/p>\n<p>Para configurar las cookies a su elecci\u00f3n puede utilizar el Gestor de Consentimiento de Cookies que aparece al entrar en la p\u00e1gina, o pinchar en el enlace \u201cCambiar tu consentimiento\u201d dentro de la Pol\u00edtica de Cookies.<\/p>\n<p><\/p>\n<h4>QUE HACEMOS CON LOS DATOS PERSONALES QUE SON TRATADOS<\/h4>\n<p>A continuaci\u00f3n, le mostramos la relaci\u00f3n de tratamientos de datos personales efectuados por INSUR PROMOCI\u00d3N INTEGRAL, S.L.U.: (i) gesti\u00f3n de clientes (ii) gesti\u00f3n de proveedores (iii) anal\u00edtica (iv) ventas (v) comunicaciones comerciales, marketing y RRSS (vi) recursos humanos (vii) cuestionario de satisfacci\u00f3n (viii) videovigilancia (ix) prevenci\u00f3n de blanqueo de capitales (x) coworking.<\/p>\n<p>Copyright \u00a9 2024 \u2013 INSUR PROMOCI\u00d3N INTEGRAL, S.L.U.<\/p>\n<p>Reservados todos los derechos de autor por las leyes y tratados internacionales de propiedad intelectual. Queda expresamente prohibida su copia, reproducci\u00f3n o difusi\u00f3n, total o parcial, por cualquier medio.<\/p>\t\t\t\t\t\t\t\t<\/div>\n\t\t\t\t<\/div>\n\t\t\t\t\t<\/div>\n\t\t\t\t<\/div>\n\t\t\t\t<\/div>\n\t\t","protected":false},"excerpt":{"rendered":"<p>Pol\u00edtica de Privacidad INSUR PROMOCI\u00d3N INTEGRAL, S.L.U., como responsable del tratamiento, le informa a continuaci\u00f3n de que todo dato personal que se trate por parte del mismo, ser\u00e1 realizado de conformidad con los principios de transparencia, limitaci\u00f3n de la finalidad, minimizaci\u00f3n de datos, exactitud, integridad, y confidencialidad, as\u00ed como respetando el resto de obligaciones y [&hellip;]<\/p>\n","protected":false},"author":1,"featured_media":0,"parent":0,"menu_order":0,"comment_status":"closed","ping_status":"closed","template":"elementor_header_footer","meta":{"footnotes":""},"class_list":["post-810","page","type-page","status-publish","hentry"],"_links":{"self":[{"href":"https:\/\/www.edificioelever.com\/index.php?rest_route=\/wp\/v2\/pages\/810","targetHints":{"allow":["GET"]}}],"collection":[{"href":"https:\/\/www.edificioelever.com\/index.php?rest_route=\/wp\/v2\/pages"}],"about":[{"href":"https:\/\/www.edificioelever.com\/index.php?rest_route=\/wp\/v2\/types\/page"}],"author":[{"embeddable":true,"href":"https:\/\/www.edificioelever.com\/index.php?rest_route=\/wp\/v2\/users\/1"}],"replies":[{"embeddable":true,"href":"https:\/\/www.edificioelever.com\/index.php?rest_route=%2Fwp%2Fv2%2Fcomments&post=810"}],"version-history":[{"count":16,"href":"https:\/\/www.edificioelever.com\/index.php?rest_route=\/wp\/v2\/pages\/810\/revisions"}],"predecessor-version":[{"id":1223,"href":"https:\/\/www.edificioelever.com\/index.php?rest_route=\/wp\/v2\/pages\/810\/revisions\/1223"}],"wp:attachment":[{"href":"https:\/\/www.edificioelever.com\/index.php?rest_route=%2Fwp%2Fv2%2Fmedia&parent=810"}],"curies":[{"name":"wp","href":"https:\/\/api.w.org\/{rel}","templated":true}]}}