{"id":202,"date":"2024-09-11T08:40:16","date_gmt":"2024-09-11T08:40:16","guid":{"rendered":"https:\/\/www.edificioelever.com\/?page_id=202"},"modified":"2025-09-18T09:06:22","modified_gmt":"2025-09-18T09:06:22","slug":"equipo","status":"publish","type":"page","link":"https:\/\/www.edificioelever.com\/?page_id=202","title":{"rendered":"Equipo"},"content":{"rendered":"\t\t<div data-elementor-type=\"wp-page\" data-elementor-id=\"202\" class=\"elementor elementor-202\" data-elementor-post-type=\"page\">\n\t\t\t\t<div class=\"elementor-element elementor-element-d9b5f6f e-con-full e-flex e-con e-parent\" data-id=\"d9b5f6f\" data-element_type=\"container\" data-settings=\"{&quot;background_background&quot;:&quot;classic&quot;}\">\n\t\t<div class=\"elementor-element elementor-element-b99497f e-con-full e-flex e-con e-child\" data-id=\"b99497f\" data-element_type=\"container\">\n\t\t\t\t<div class=\"elementor-element elementor-element-c3f86d4 animated-slow elementor-invisible elementor-widget elementor-widget-progress\" data-id=\"c3f86d4\" data-element_type=\"widget\" data-settings=\"{&quot;_animation&quot;:&quot;fadeIn&quot;,&quot;_animation_delay&quot;:0}\" data-widget_type=\"progress.default\">\n\t\t\t\t<div class=\"elementor-widget-container\">\n\t\t\t\t\t\n\t\t<div class=\"elementor-progress-wrapper\" role=\"progressbar\" aria-valuemin=\"0\" aria-valuemax=\"100\" aria-valuenow=\"100\">\n\t\t\t<div class=\"elementor-progress-bar\" data-max=\"100\">\n\t\t\t\t<span class=\"elementor-progress-text\"><\/span>\n\t\t\t\t\t\t\t<\/div>\n\t\t<\/div>\n\t\t\t\t\t\t<\/div>\n\t\t\t\t<\/div>\n\t\t<div class=\"elementor-element elementor-element-bacf418 animated-slow e-flex e-con-boxed elementor-invisible e-con e-child\" data-id=\"bacf418\" data-element_type=\"container\" data-settings=\"{&quot;animation&quot;:&quot;fadeIn&quot;,&quot;animation_delay&quot;:0}\">\n\t\t\t\t\t<div class=\"e-con-inner\">\n\t\t\t\t<div class=\"elementor-element elementor-element-07bc1ef animated-fast elementor-invisible elementor-widget elementor-widget-heading\" data-id=\"07bc1ef\" data-element_type=\"widget\" data-settings=\"{&quot;_animation&quot;:&quot;fadeInUp&quot;,&quot;_animation_delay&quot;:0}\" data-widget_type=\"heading.default\">\n\t\t\t\t<div class=\"elementor-widget-container\">\n\t\t\t\t\t<h1 class=\"elementor-heading-title elementor-size-default\">Un compromiso<\/h1>\t\t\t\t<\/div>\n\t\t\t\t<\/div>\n\t\t\t\t\t<\/div>\n\t\t\t\t<\/div>\n\t\t\t\t<div class=\"elementor-element elementor-element-69397ba animated-slow elementor-invisible elementor-widget elementor-widget-progress\" data-id=\"69397ba\" data-element_type=\"widget\" data-settings=\"{&quot;_animation&quot;:&quot;fadeIn&quot;,&quot;_animation_delay&quot;:0}\" data-widget_type=\"progress.default\">\n\t\t\t\t<div class=\"elementor-widget-container\">\n\t\t\t\t\t\n\t\t<div class=\"elementor-progress-wrapper\" role=\"progressbar\" aria-valuemin=\"0\" aria-valuemax=\"100\" aria-valuenow=\"100\">\n\t\t\t<div class=\"elementor-progress-bar\" data-max=\"100\">\n\t\t\t\t<span class=\"elementor-progress-text\"><\/span>\n\t\t\t\t\t\t\t<\/div>\n\t\t<\/div>\n\t\t\t\t\t\t<\/div>\n\t\t\t\t<\/div>\n\t\t<div class=\"elementor-element elementor-element-0f318ac animated-slow e-flex e-con-boxed elementor-invisible e-con e-child\" data-id=\"0f318ac\" data-element_type=\"container\" data-settings=\"{&quot;animation&quot;:&quot;fadeIn&quot;,&quot;animation_delay&quot;:100}\">\n\t\t\t\t\t<div class=\"e-con-inner\">\n\t\t\t\t<div class=\"elementor-element elementor-element-27474a8 animated-fast elementor-invisible elementor-widget elementor-widget-heading\" data-id=\"27474a8\" data-element_type=\"widget\" data-settings=\"{&quot;_animation&quot;:&quot;fadeInUp&quot;,&quot;_animation_delay&quot;:0}\" data-widget_type=\"heading.default\">\n\t\t\t\t<div class=\"elementor-widget-container\">\n\t\t\t\t\t<h1 class=\"elementor-heading-title elementor-size-default\">con la<\/h1>\t\t\t\t<\/div>\n\t\t\t\t<\/div>\n\t\t\t\t\t<\/div>\n\t\t\t\t<\/div>\n\t\t\t\t<div class=\"elementor-element elementor-element-c03171d animated-slow elementor-invisible elementor-widget elementor-widget-progress\" data-id=\"c03171d\" data-element_type=\"widget\" data-settings=\"{&quot;_animation&quot;:&quot;fadeIn&quot;,&quot;_animation_delay&quot;:50}\" data-widget_type=\"progress.default\">\n\t\t\t\t<div class=\"elementor-widget-container\">\n\t\t\t\t\t\n\t\t<div class=\"elementor-progress-wrapper\" role=\"progressbar\" aria-valuemin=\"0\" aria-valuemax=\"100\" aria-valuenow=\"100\">\n\t\t\t<div class=\"elementor-progress-bar\" data-max=\"100\">\n\t\t\t\t<span class=\"elementor-progress-text\"><\/span>\n\t\t\t\t\t\t\t<\/div>\n\t\t<\/div>\n\t\t\t\t\t\t<\/div>\n\t\t\t\t<\/div>\n\t\t<div class=\"elementor-element elementor-element-17697de animated-slow e-flex e-con-boxed elementor-invisible e-con e-child\" data-id=\"17697de\" data-element_type=\"container\" data-settings=\"{&quot;animation&quot;:&quot;fadeIn&quot;,&quot;animation_delay&quot;:200}\">\n\t\t\t\t\t<div class=\"e-con-inner\">\n\t\t\t\t<div class=\"elementor-element elementor-element-a383bee animated-fast elementor-invisible elementor-widget elementor-widget-heading\" data-id=\"a383bee\" data-element_type=\"widget\" data-settings=\"{&quot;_animation&quot;:&quot;fadeInUp&quot;,&quot;_animation_delay&quot;:0}\" data-widget_type=\"heading.default\">\n\t\t\t\t<div class=\"elementor-widget-container\">\n\t\t\t\t\t<h1 class=\"elementor-heading-title elementor-size-default\">excelencia<\/h1>\t\t\t\t<\/div>\n\t\t\t\t<\/div>\n\t\t\t\t\t<\/div>\n\t\t\t\t<\/div>\n\t\t\t\t<div class=\"elementor-element elementor-element-502417c animated-slow elementor-invisible elementor-widget elementor-widget-progress\" data-id=\"502417c\" data-element_type=\"widget\" data-settings=\"{&quot;_animation&quot;:&quot;fadeIn&quot;,&quot;_animation_delay&quot;:100}\" data-widget_type=\"progress.default\">\n\t\t\t\t<div class=\"elementor-widget-container\">\n\t\t\t\t\t\n\t\t<div class=\"elementor-progress-wrapper\" role=\"progressbar\" aria-valuemin=\"0\" aria-valuemax=\"100\" aria-valuenow=\"100\">\n\t\t\t<div class=\"elementor-progress-bar\" data-max=\"100\">\n\t\t\t\t<span class=\"elementor-progress-text\"><\/span>\n\t\t\t\t\t\t\t<\/div>\n\t\t<\/div>\n\t\t\t\t\t\t<\/div>\n\t\t\t\t<\/div>\n\t\t\t\t<\/div>\n\t\t\t\t<\/div>\n\t\t<div class=\"elementor-element elementor-element-da7dfb1 e-flex e-con-boxed e-con e-parent\" data-id=\"da7dfb1\" data-element_type=\"container\">\n\t\t\t\t\t<div class=\"e-con-inner\">\n\t\t<div class=\"elementor-element elementor-element-78961ae e-con-full e-flex e-con e-child\" data-id=\"78961ae\" data-element_type=\"container\">\n\t\t<div class=\"elementor-element elementor-element-9016086 e-flex e-con-boxed e-con e-child\" data-id=\"9016086\" data-element_type=\"container\">\n\t\t\t\t\t<div class=\"e-con-inner\">\n\t\t<div class=\"elementor-element elementor-element-d1126c7 e-con-full e-flex e-con e-child\" data-id=\"d1126c7\" data-element_type=\"container\">\n\t\t\t\t<div class=\"elementor-element elementor-element-65dd816 animated-slow elementor-invisible elementor-widget elementor-widget-heading\" data-id=\"65dd816\" data-element_type=\"widget\" data-settings=\"{&quot;_animation&quot;:&quot;fadeIn&quot;}\" data-widget_type=\"heading.default\">\n\t\t\t\t<div class=\"elementor-widget-container\">\n\t\t\t\t\t<h2 class=\"elementor-heading-title elementor-size-default\">PROMUEVE<\/h2>\t\t\t\t<\/div>\n\t\t\t\t<\/div>\n\t\t\t\t<div class=\"elementor-element elementor-element-48f9869 animated-slow elementor-invisible elementor-widget elementor-widget-image\" data-id=\"48f9869\" data-element_type=\"widget\" data-settings=\"{&quot;_animation&quot;:&quot;fadeIn&quot;}\" data-widget_type=\"image.default\">\n\t\t\t\t<div class=\"elementor-widget-container\">\n\t\t\t\t\t\t\t\t\t\t\t\t\t\t\t<img fetchpriority=\"high\" decoding=\"async\" width=\"800\" height=\"276\" src=\"https:\/\/www.edificioelever.com\/wp-content\/uploads\/2025\/09\/logos-80-an\u2560aos-06_azul-1-1024x353.png\" class=\"attachment-large size-large wp-image-1368\" alt=\"\" srcset=\"https:\/\/www.edificioelever.com\/wp-content\/uploads\/2025\/09\/logos-80-an\u2560aos-06_azul-1-1024x353.png 1024w, https:\/\/www.edificioelever.com\/wp-content\/uploads\/2025\/09\/logos-80-an\u2560aos-06_azul-1-300x103.png 300w, https:\/\/www.edificioelever.com\/wp-content\/uploads\/2025\/09\/logos-80-an\u2560aos-06_azul-1-768x264.png 768w, https:\/\/www.edificioelever.com\/wp-content\/uploads\/2025\/09\/logos-80-an\u2560aos-06_azul-1-1536x529.png 1536w, https:\/\/www.edificioelever.com\/wp-content\/uploads\/2025\/09\/logos-80-an\u2560aos-06_azul-1-2048x705.png 2048w\" sizes=\"(max-width: 800px) 100vw, 800px\" \/>\t\t\t\t\t\t\t\t\t\t\t\t\t\t\t<\/div>\n\t\t\t\t<\/div>\n\t\t\t\t<div class=\"elementor-element elementor-element-5a23cfc animated-slow elementor-invisible elementor-widget elementor-widget-heading\" data-id=\"5a23cfc\" data-element_type=\"widget\" data-settings=\"{&quot;_animation&quot;:&quot;fadeIn&quot;}\" data-widget_type=\"heading.default\">\n\t\t\t\t<div class=\"elementor-widget-container\">\n\t\t\t\t\t<p class=\"elementor-heading-title elementor-size-default\">Grupo inmobiliario patrimonialista y promotor cotizado, con 80 a\u00f1os de experiencia. L\u00edderes en gesti\u00f3n de inmuebles en Andaluc\u00eda con una cartera patrimonial de 117.000 m\u00b2 entre oficinas, hoteles y locales comerciales y 3.000 plazas de aparcamiento.<\/p>\t\t\t\t<\/div>\n\t\t\t\t<\/div>\n\t\t\t\t<div class=\"elementor-element elementor-element-362a0bd animated-slow elementor-invisible elementor-widget elementor-widget-heading\" data-id=\"362a0bd\" data-element_type=\"widget\" data-settings=\"{&quot;_animation&quot;:&quot;fadeIn&quot;}\" data-widget_type=\"heading.default\">\n\t\t\t\t<div class=\"elementor-widget-container\">\n\t\t\t\t\t<p class=\"elementor-heading-title elementor-size-default\">En la actualidad, desarrollan 4 importantes proyectos de promoci\u00f3n terciaria con m\u00e1s de 65.000 m\u00b2 en Madrid y M\u00e1laga. En su actividad de promoci\u00f3n, cuentan con una cartera de 5.000 viviendas en las zonas prime de Andaluc\u00eda y Madrid.<\/p>\t\t\t\t<\/div>\n\t\t\t\t<\/div>\n\t\t\t\t<\/div>\n\t\t\t\t\t<\/div>\n\t\t\t\t<\/div>\n\t\t\t\t<\/div>\n\t\t<div class=\"elementor-element elementor-element-a4123a1 e-con-full e-flex e-con e-child\" data-id=\"a4123a1\" data-element_type=\"container\">\n\t\t<div class=\"elementor-element elementor-element-e4d0dc3 e-con-full e-flex elementor-invisible e-con e-child\" data-id=\"e4d0dc3\" data-element_type=\"container\" data-settings=\"{&quot;background_background&quot;:&quot;classic&quot;,&quot;animation&quot;:&quot;fadeIn&quot;}\">\n\t\t\t\t<\/div>\n\t\t\t\t<\/div>\n\t\t\t\t\t<\/div>\n\t\t\t\t<\/div>\n\t\t<div class=\"elementor-element elementor-element-0478f3b elementor-hidden-mobile e-flex e-con-boxed e-con e-parent\" data-id=\"0478f3b\" data-element_type=\"container\">\n\t\t\t\t\t<div class=\"e-con-inner\">\n\t\t<div class=\"elementor-element elementor-element-ab6fe10 e-con-full e-flex e-con e-child\" data-id=\"ab6fe10\" data-element_type=\"container\">\n\t\t<div class=\"elementor-element elementor-element-0625865 e-con-full e-flex elementor-invisible e-con e-child\" data-id=\"0625865\" data-element_type=\"container\" data-settings=\"{&quot;background_background&quot;:&quot;classic&quot;,&quot;animation&quot;:&quot;fadeIn&quot;}\">\n\t\t\t\t<\/div>\n\t\t\t\t<\/div>\n\t\t<div class=\"elementor-element elementor-element-6d039d6 e-con-full e-flex e-con e-child\" data-id=\"6d039d6\" data-element_type=\"container\">\n\t\t<div class=\"elementor-element elementor-element-dfe67f6 e-flex e-con-boxed e-con e-child\" data-id=\"dfe67f6\" data-element_type=\"container\">\n\t\t\t\t\t<div class=\"e-con-inner\">\n\t\t<div class=\"elementor-element elementor-element-9652aa4 e-con-full e-flex e-con e-child\" data-id=\"9652aa4\" data-element_type=\"container\">\n\t\t\t\t<div class=\"elementor-element elementor-element-7d67a66 animated-slow elementor-invisible elementor-widget elementor-widget-heading\" data-id=\"7d67a66\" data-element_type=\"widget\" data-settings=\"{&quot;_animation&quot;:&quot;fadeIn&quot;}\" data-widget_type=\"heading.default\">\n\t\t\t\t<div class=\"elementor-widget-container\">\n\t\t\t\t\t<h2 class=\"elementor-heading-title elementor-size-default\">ARQUITECTURA<\/h2>\t\t\t\t<\/div>\n\t\t\t\t<\/div>\n\t\t\t\t<div class=\"elementor-element elementor-element-a37b629 animated-slow elementor-invisible elementor-widget elementor-widget-image\" data-id=\"a37b629\" data-element_type=\"widget\" data-settings=\"{&quot;_animation&quot;:&quot;fadeIn&quot;}\" data-widget_type=\"image.default\">\n\t\t\t\t<div class=\"elementor-widget-container\">\n\t\t\t\t\t\t\t\t\t\t\t\t\t\t\t<img decoding=\"async\" width=\"726\" height=\"40\" src=\"https:\/\/www.edificioelever.com\/wp-content\/uploads\/2024\/09\/Logo_fenwick.webp\" class=\"attachment-large size-large wp-image-218\" alt=\"\" srcset=\"https:\/\/www.edificioelever.com\/wp-content\/uploads\/2024\/09\/Logo_fenwick.webp 726w, https:\/\/www.edificioelever.com\/wp-content\/uploads\/2024\/09\/Logo_fenwick-300x17.webp 300w\" sizes=\"(max-width: 726px) 100vw, 726px\" \/>\t\t\t\t\t\t\t\t\t\t\t\t\t\t\t<\/div>\n\t\t\t\t<\/div>\n\t\t\t\t<div class=\"elementor-element elementor-element-ad2ffce animated-slow elementor-invisible elementor-widget elementor-widget-heading\" data-id=\"ad2ffce\" data-element_type=\"widget\" data-settings=\"{&quot;_animation&quot;:&quot;fadeIn&quot;}\" data-widget_type=\"heading.default\">\n\t\t\t\t<div class=\"elementor-widget-container\">\n\t\t\t\t\t<p class=\"elementor-heading-title elementor-size-default\">Fundado en 1990, Fenwick Iribarren Arquitectos es un destacado despacho con sede en Madrid, reconocido tanto a nivel nacional como internacional por una amplia gama de proyectos significativos.<\/p>\t\t\t\t<\/div>\n\t\t\t\t<\/div>\n\t\t\t\t<div class=\"elementor-element elementor-element-8244f71 animated-slow elementor-invisible elementor-widget elementor-widget-heading\" data-id=\"8244f71\" data-element_type=\"widget\" data-settings=\"{&quot;_animation&quot;:&quot;fadeIn&quot;}\" data-widget_type=\"heading.default\">\n\t\t\t\t<div class=\"elementor-widget-container\">\n\t\t\t\t\t<p class=\"elementor-heading-title elementor-size-default\">Han obtenido premios de excelencia en arquitectura de oficinas y urbanizaciones, as\u00ed como en arquitectura deportiva con los estadios de Espanyol y Valencia. Internacionalmente, destacan por su enfoque en arquitectura sostenible, incluyendo el innovador 974 Stadium, el primer estadio desmontable del mundo para el Mundial de 2022.<\/p>\t\t\t\t<\/div>\n\t\t\t\t<\/div>\n\t\t\t\t<div class=\"elementor-element elementor-element-02781a9 animated-slow elementor-invisible elementor-widget elementor-widget-heading\" data-id=\"02781a9\" data-element_type=\"widget\" data-settings=\"{&quot;_animation&quot;:&quot;fadeIn&quot;}\" data-widget_type=\"heading.default\">\n\t\t\t\t<div class=\"elementor-widget-container\">\n\t\t\t\t\t<p class=\"elementor-heading-title elementor-size-default\">El estudio se compromete a integrar los principios de Blue &amp; Green Architecture para mejorar la sostenibilidad y el bienestar de los usuarios en todos sus proyectos.<\/p>\t\t\t\t<\/div>\n\t\t\t\t<\/div>\n\t\t\t\t<\/div>\n\t\t\t\t\t<\/div>\n\t\t\t\t<\/div>\n\t\t\t\t<\/div>\n\t\t\t\t\t<\/div>\n\t\t\t\t<\/div>\n\t\t<div class=\"elementor-element elementor-element-68ea6ae elementor-hidden-desktop elementor-hidden-tablet e-flex e-con-boxed e-con e-parent\" data-id=\"68ea6ae\" data-element_type=\"container\">\n\t\t\t\t\t<div class=\"e-con-inner\">\n\t\t<div class=\"elementor-element elementor-element-bcb6a48 e-con-full e-flex e-con e-child\" data-id=\"bcb6a48\" data-element_type=\"container\">\n\t\t<div class=\"elementor-element elementor-element-a7a583a e-flex e-con-boxed e-con e-child\" data-id=\"a7a583a\" data-element_type=\"container\">\n\t\t\t\t\t<div class=\"e-con-inner\">\n\t\t<div class=\"elementor-element elementor-element-5a51768 e-con-full e-flex e-con e-child\" data-id=\"5a51768\" data-element_type=\"container\">\n\t\t\t\t<div class=\"elementor-element elementor-element-444b277 elementor-widget elementor-widget-heading\" data-id=\"444b277\" data-element_type=\"widget\" data-widget_type=\"heading.default\">\n\t\t\t\t<div class=\"elementor-widget-container\">\n\t\t\t\t\t<h2 class=\"elementor-heading-title elementor-size-default\">ARQUITECTURA<\/h2>\t\t\t\t<\/div>\n\t\t\t\t<\/div>\n\t\t\t\t<div class=\"elementor-element elementor-element-fcbb71c elementor-widget elementor-widget-image\" data-id=\"fcbb71c\" data-element_type=\"widget\" data-widget_type=\"image.default\">\n\t\t\t\t<div class=\"elementor-widget-container\">\n\t\t\t\t\t\t\t\t\t\t\t\t\t\t\t<img decoding=\"async\" width=\"726\" height=\"40\" src=\"https:\/\/www.edificioelever.com\/wp-content\/uploads\/2024\/09\/Logo_fenwick.webp\" class=\"attachment-large size-large wp-image-218\" alt=\"\" srcset=\"https:\/\/www.edificioelever.com\/wp-content\/uploads\/2024\/09\/Logo_fenwick.webp 726w, https:\/\/www.edificioelever.com\/wp-content\/uploads\/2024\/09\/Logo_fenwick-300x17.webp 300w\" sizes=\"(max-width: 726px) 100vw, 726px\" \/>\t\t\t\t\t\t\t\t\t\t\t\t\t\t\t<\/div>\n\t\t\t\t<\/div>\n\t\t\t\t<div class=\"elementor-element elementor-element-37b0db1 animated-slow elementor-invisible elementor-widget elementor-widget-heading\" data-id=\"37b0db1\" data-element_type=\"widget\" data-settings=\"{&quot;_animation&quot;:&quot;fadeIn&quot;}\" data-widget_type=\"heading.default\">\n\t\t\t\t<div class=\"elementor-widget-container\">\n\t\t\t\t\t<p class=\"elementor-heading-title elementor-size-default\">Fundado en 1990, Fenwick Iribarren Arquitectos es un destacado despacho con sede en Madrid, reconocido tanto a nivel nacional como internacional por una amplia gama de proyectos significativos.<\/p>\t\t\t\t<\/div>\n\t\t\t\t<\/div>\n\t\t\t\t<div class=\"elementor-element elementor-element-c9823e0 animated-slow elementor-invisible elementor-widget elementor-widget-heading\" data-id=\"c9823e0\" data-element_type=\"widget\" data-settings=\"{&quot;_animation&quot;:&quot;fadeIn&quot;}\" data-widget_type=\"heading.default\">\n\t\t\t\t<div class=\"elementor-widget-container\">\n\t\t\t\t\t<p class=\"elementor-heading-title elementor-size-default\">Han obtenido premios de excelencia en arquitectura de oficinas y urbanizaciones, as\u00ed como en arquitectura deportiva con los estadios de Espanyol y Valencia. Internacionalmente, destacan por su enfoque en arquitectura sostenible, incluyendo el innovador 974 Stadium, el primer estadio desmontable del mundo para el Mundial de 2022.<\/p>\t\t\t\t<\/div>\n\t\t\t\t<\/div>\n\t\t\t\t<div class=\"elementor-element elementor-element-4d60f16 animated-slow elementor-invisible elementor-widget elementor-widget-heading\" data-id=\"4d60f16\" data-element_type=\"widget\" data-settings=\"{&quot;_animation&quot;:&quot;fadeIn&quot;}\" data-widget_type=\"heading.default\">\n\t\t\t\t<div class=\"elementor-widget-container\">\n\t\t\t\t\t<p class=\"elementor-heading-title elementor-size-default\">El estudio se compromete a integrar los principios de Blue &amp; Green Architecture para mejorar la sostenibilidad y el bienestar de los usuarios en todos sus proyectos.<\/p>\t\t\t\t<\/div>\n\t\t\t\t<\/div>\n\t\t\t\t<\/div>\n\t\t\t\t\t<\/div>\n\t\t\t\t<\/div>\n\t\t\t\t<\/div>\n\t\t<div class=\"elementor-element elementor-element-306e4a5 e-con-full e-flex e-con e-child\" data-id=\"306e4a5\" data-element_type=\"container\">\n\t\t<div class=\"elementor-element elementor-element-c88ff12 e-con-full e-flex elementor-invisible e-con e-child\" data-id=\"c88ff12\" data-element_type=\"container\" data-settings=\"{&quot;background_background&quot;:&quot;classic&quot;,&quot;animation&quot;:&quot;fadeIn&quot;}\">\n\t\t\t\t<\/div>\n\t\t\t\t<\/div>\n\t\t\t\t\t<\/div>\n\t\t\t\t<\/div>\n\t\t<div class=\"elementor-element elementor-element-b4c9d5a e-flex e-con-boxed e-con e-parent\" data-id=\"b4c9d5a\" data-element_type=\"container\">\n\t\t\t\t\t<div class=\"e-con-inner\">\n\t\t<div class=\"elementor-element elementor-element-af826c1 e-con-full e-flex e-con e-child\" data-id=\"af826c1\" data-element_type=\"container\">\n\t\t<div class=\"elementor-element elementor-element-ed3e6de e-flex e-con-boxed e-con e-child\" data-id=\"ed3e6de\" data-element_type=\"container\">\n\t\t\t\t\t<div class=\"e-con-inner\">\n\t\t<div class=\"elementor-element elementor-element-0e90e09 e-con-full e-flex e-con e-child\" data-id=\"0e90e09\" data-element_type=\"container\">\n\t\t\t\t<div class=\"elementor-element elementor-element-5a38517 animated-slow elementor-invisible elementor-widget elementor-widget-heading\" data-id=\"5a38517\" data-element_type=\"widget\" data-settings=\"{&quot;_animation&quot;:&quot;fadeIn&quot;}\" data-widget_type=\"heading.default\">\n\t\t\t\t<div class=\"elementor-widget-container\">\n\t\t\t\t\t<h2 class=\"elementor-heading-title elementor-size-default\">COMERZIALIZA<\/h2>\t\t\t\t<\/div>\n\t\t\t\t<\/div>\n\t\t\t\t<div class=\"elementor-element elementor-element-48e6963 animated-slow elementor-invisible elementor-widget elementor-widget-image\" data-id=\"48e6963\" data-element_type=\"widget\" data-settings=\"{&quot;_animation&quot;:&quot;fadeIn&quot;}\" data-widget_type=\"image.default\">\n\t\t\t\t<div class=\"elementor-widget-container\">\n\t\t\t\t\t\t\t\t\t\t\t\t\t\t\t<img decoding=\"async\" width=\"330\" height=\"72\" src=\"https:\/\/www.edificioelever.com\/wp-content\/uploads\/2024\/09\/Logo_Cushman.webp\" class=\"attachment-large size-large wp-image-224\" alt=\"\" srcset=\"https:\/\/www.edificioelever.com\/wp-content\/uploads\/2024\/09\/Logo_Cushman.webp 330w, https:\/\/www.edificioelever.com\/wp-content\/uploads\/2024\/09\/Logo_Cushman-300x65.webp 300w\" sizes=\"(max-width: 330px) 100vw, 330px\" \/>\t\t\t\t\t\t\t\t\t\t\t\t\t\t\t<\/div>\n\t\t\t\t<\/div>\n\t\t\t\t<div class=\"elementor-element elementor-element-96e8310 animated-slow elementor-invisible elementor-widget elementor-widget-heading\" data-id=\"96e8310\" data-element_type=\"widget\" data-settings=\"{&quot;_animation&quot;:&quot;fadeIn&quot;}\" data-widget_type=\"heading.default\">\n\t\t\t\t<div class=\"elementor-widget-container\">\n\t\t\t\t\t<p class=\"elementor-heading-title elementor-size-default\">Cushman &amp; Wakefield (NYSE: CWK) es una firma global l\u00edder en servicios de real estate, para ocupantes y propietarios del sector, que cuenta con alrededor de 52.000 de empleados en m\u00e1s de 400 oficinas y 60 pa\u00edses. En 2023, la empresa report\u00f3 ingresos de $9,5 mil millones en sus servicios principales de asset management, facilities, leasing, capital markets, valuation y otros servicios.<\/p>\t\t\t\t<\/div>\n\t\t\t\t<\/div>\n\t\t\t\t<div class=\"elementor-element elementor-element-d5b7781 animated-slow elementor-invisible elementor-widget elementor-widget-heading\" data-id=\"d5b7781\" data-element_type=\"widget\" data-settings=\"{&quot;_animation&quot;:&quot;fadeIn&quot;}\" data-widget_type=\"heading.default\">\n\t\t\t\t<div class=\"elementor-widget-container\">\n\t\t\t\t\t<p class=\"elementor-heading-title elementor-size-default\">Tambi\u00e9n recibe numerosos reconocimientos del sector por su cultura y su compromiso con la diversidad, la equidad y la inclusi\u00f3n (DEI), as\u00ed como tambi\u00e9n el medio ambiente, la sociedad y la gobernanza (ESG).<\/p>\t\t\t\t<\/div>\n\t\t\t\t<\/div>\n\t\t\t\t<\/div>\n\t\t\t\t\t<\/div>\n\t\t\t\t<\/div>\n\t\t\t\t<\/div>\n\t\t<div class=\"elementor-element elementor-element-a5c4e9c e-con-full e-flex e-con e-child\" data-id=\"a5c4e9c\" data-element_type=\"container\">\n\t\t<div class=\"elementor-element elementor-element-f331f70 e-con-full e-flex elementor-invisible e-con e-child\" data-id=\"f331f70\" data-element_type=\"container\" data-settings=\"{&quot;background_background&quot;:&quot;classic&quot;,&quot;animation&quot;:&quot;fadeIn&quot;}\">\n\t\t\t\t<\/div>\n\t\t\t\t<\/div>\n\t\t\t\t\t<\/div>\n\t\t\t\t<\/div>\n\t\t\t\t<\/div>\n\t\t","protected":false},"excerpt":{"rendered":"<p>Un compromiso con la excelencia PROMUEVE Grupo inmobiliario patrimonialista y promotor cotizado, con 80 a\u00f1os de experiencia. L\u00edderes en gesti\u00f3n de inmuebles en Andaluc\u00eda con una cartera patrimonial de 117.000 m\u00b2 entre oficinas, hoteles y locales comerciales y 3.000 plazas de aparcamiento. En la actualidad, desarrollan 4 importantes proyectos de promoci\u00f3n terciaria con m\u00e1s de [&hellip;]<\/p>\n","protected":false},"author":1,"featured_media":0,"parent":0,"menu_order":0,"comment_status":"closed","ping_status":"closed","template":"elementor_header_footer","meta":{"footnotes":""},"class_list":["post-202","page","type-page","status-publish","hentry"],"_links":{"self":[{"href":"https:\/\/www.edificioelever.com\/index.php?rest_route=\/wp\/v2\/pages\/202","targetHints":{"allow":["GET"]}}],"collection":[{"href":"https:\/\/www.edificioelever.com\/index.php?rest_route=\/wp\/v2\/pages"}],"about":[{"href":"https:\/\/www.edificioelever.com\/index.php?rest_route=\/wp\/v2\/types\/page"}],"author":[{"embeddable":true,"href":"https:\/\/www.edificioelever.com\/index.php?rest_route=\/wp\/v2\/users\/1"}],"replies":[{"embeddable":true,"href":"https:\/\/www.edificioelever.com\/index.php?rest_route=%2Fwp%2Fv2%2Fcomments&post=202"}],"version-history":[{"count":55,"href":"https:\/\/www.edificioelever.com\/index.php?rest_route=\/wp\/v2\/pages\/202\/revisions"}],"predecessor-version":[{"id":1415,"href":"https:\/\/www.edificioelever.com\/index.php?rest_route=\/wp\/v2\/pages\/202\/revisions\/1415"}],"wp:attachment":[{"href":"https:\/\/www.edificioelever.com\/index.php?rest_route=%2Fwp%2Fv2%2Fmedia&parent=202"}],"curies":[{"name":"wp","href":"https:\/\/api.w.org\/{rel}","templated":true}]}}